{"id":98,"date":"2007-12-12T18:58:11","date_gmt":"2007-12-12T17:58:11","guid":{"rendered":"http:\/\/atest2000.pl\/czlonkowie\/lukasz-roga\/"},"modified":"2015-08-05T00:46:32","modified_gmt":"2015-08-04T22:46:32","slug":"lukasz-roga","status":"publish","type":"page","link":"http:\/\/atest2000.pl\/?page_id=98","title":{"rendered":"\u0141ukasz Roga"},"content":{"rendered":"<h3><a href=\"http:\/\/atest2000.pl\/wp-content\/uploads\/2007\/12\/LR-2.jpg\" ><img loading=\"lazy\" class=\"alignleft size-full wp-image-524\" src=\"http:\/\/atest2000.pl\/wp-content\/uploads\/2007\/12\/LR-2.jpg\" alt=\"LR-2\" width=\"200\" height=\"200\" srcset=\"http:\/\/atest2000.pl\/wp-content\/uploads\/2007\/12\/LR-2.jpg 200w, http:\/\/atest2000.pl\/wp-content\/uploads\/2007\/12\/LR-2-150x150.jpg 150w\" sizes=\"(max-width: 200px) 100vw, 200px\" \/><\/a>\u0141ukasz Roga<\/h3>\n<p><span class=\"Apple-style-span\" style=\"font-weight: normal; font-size: 16px;\">Prezes JTF Atest 2000.\u00a0Cz\u0142onek Zwi\u0105zku Polskich Fotograf\u00f3w Przyrody Okr\u0119g Roztocza\u0144sko-Podkarpacki.<\/span><\/p>\n<p><a href=\"http:\/\/www.fotolux4.blogspot.com\/\" onclick=\"javascript:_gaq.push(['_trackEvent','outbound-article','http:\/\/www.fotolux4.blogspot.com']);\" target=\"_blank\">www.fotolux4.blogspot.com<\/a><\/p>\n","protected":false},"excerpt":{"rendered":"<p>\u0141ukasz Roga Prezes JTF Atest 2000.\u00a0Cz\u0142onek Zwi\u0105zku Polskich Fotograf\u00f3w Przyrody Okr\u0119g Roztocza\u0144sko-Podkarpacki. www.fotolux4.blogspot.com<\/p>\n","protected":false},"author":1,"featured_media":0,"parent":77,"menu_order":0,"comment_status":"closed","ping_status":"closed","template":"","meta":[],"_links":{"self":[{"href":"http:\/\/atest2000.pl\/index.php?rest_route=\/wp\/v2\/pages\/98"}],"collection":[{"href":"http:\/\/atest2000.pl\/index.php?rest_route=\/wp\/v2\/pages"}],"about":[{"href":"http:\/\/atest2000.pl\/index.php?rest_route=\/wp\/v2\/types\/page"}],"author":[{"embeddable":true,"href":"http:\/\/atest2000.pl\/index.php?rest_route=\/wp\/v2\/users\/1"}],"replies":[{"embeddable":true,"href":"http:\/\/atest2000.pl\/index.php?rest_route=%2Fwp%2Fv2%2Fcomments&post=98"}],"version-history":[{"count":4,"href":"http:\/\/atest2000.pl\/index.php?rest_route=\/wp\/v2\/pages\/98\/revisions"}],"predecessor-version":[{"id":527,"href":"http:\/\/atest2000.pl\/index.php?rest_route=\/wp\/v2\/pages\/98\/revisions\/527"}],"up":[{"embeddable":true,"href":"http:\/\/atest2000.pl\/index.php?rest_route=\/wp\/v2\/pages\/77"}],"wp:attachment":[{"href":"http:\/\/atest2000.pl\/index.php?rest_route=%2Fwp%2Fv2%2Fmedia&parent=98"}],"curies":[{"name":"wp","href":"https:\/\/api.w.org\/{rel}","templated":true}]}}