{"id":91,"date":"2007-12-12T18:54:51","date_gmt":"2007-12-12T17:54:51","guid":{"rendered":"http:\/\/atest2000.pl\/czlonkowie\/tadeusz-jamroz\/"},"modified":"2015-08-05T00:58:28","modified_gmt":"2015-08-04T22:58:28","slug":"tadeusz-jamroz","status":"publish","type":"page","link":"http:\/\/atest2000.pl\/?page_id=91","title":{"rendered":"Tadeusz Jamr\u00f3z"},"content":{"rendered":"<h3>Tadeusz Jamr\u00f3z &#8211; poprzedni PREZES<\/h3>\n<p align=\"justify\"><a href=\"http:\/\/atest2000.pl\/wp-content\/uploads\/2007\/12\/T-J.jpg\" ><img loading=\"lazy\" class=\"alignleft size-full wp-image-556\" src=\"http:\/\/atest2000.pl\/wp-content\/uploads\/2007\/12\/T-J.jpg\" alt=\"T-J\" width=\"200\" height=\"200\" srcset=\"http:\/\/atest2000.pl\/wp-content\/uploads\/2007\/12\/T-J.jpg 200w, http:\/\/atest2000.pl\/wp-content\/uploads\/2007\/12\/T-J-150x150.jpg 150w\" sizes=\"(max-width: 200px) 100vw, 200px\" \/><\/a>Pedagog, fotograf, zapalony turysta, kolekcjoner, cz\u0142owiek bardzo ciekawy ludzi i \u015bwiata. W trakcie swoich licznych w\u0119dr\u00f3wek po kraju nie rozstaje si\u0119 z aparatem fotograficznym i z wielk\u0105 wra\u017cliwo\u015bci\u0105 rejestruje obiektywem ulotne przemijaj\u0105ce pi\u0119kno\u00a0otaczaj\u0105cego\u00a0nas \u015bwiata. Od lat kolekcjonuje aparaty fotograficzne. By\u0142y Prezes stowarzyszenia.<\/p>\n","protected":false},"excerpt":{"rendered":"<p>Tadeusz Jamr\u00f3z &#8211; poprzedni PREZES Pedagog, fotograf, zapalony turysta, kolekcjoner, cz\u0142owiek bardzo ciekawy ludzi i \u015bwiata. W trakcie swoich licznych w\u0119dr\u00f3wek po kraju nie rozstaje si\u0119 z aparatem fotograficznym i z wielk\u0105 wra\u017cliwo\u015bci\u0105 rejestruje obiektywem ulotne przemijaj\u0105ce pi\u0119kno\u00a0otaczaj\u0105cego\u00a0nas \u015bwiata. Od &hellip; <a href=\"http:\/\/atest2000.pl\/?page_id=91\" >Czytaj dalej <span class=\"meta-nav\">&rarr;<\/span><\/a><\/p>\n","protected":false},"author":1,"featured_media":0,"parent":77,"menu_order":0,"comment_status":"closed","ping_status":"closed","template":"","meta":[],"_links":{"self":[{"href":"http:\/\/atest2000.pl\/index.php?rest_route=\/wp\/v2\/pages\/91"}],"collection":[{"href":"http:\/\/atest2000.pl\/index.php?rest_route=\/wp\/v2\/pages"}],"about":[{"href":"http:\/\/atest2000.pl\/index.php?rest_route=\/wp\/v2\/types\/page"}],"author":[{"embeddable":true,"href":"http:\/\/atest2000.pl\/index.php?rest_route=\/wp\/v2\/users\/1"}],"replies":[{"embeddable":true,"href":"http:\/\/atest2000.pl\/index.php?rest_route=%2Fwp%2Fv2%2Fcomments&post=91"}],"version-history":[{"count":3,"href":"http:\/\/atest2000.pl\/index.php?rest_route=\/wp\/v2\/pages\/91\/revisions"}],"predecessor-version":[{"id":558,"href":"http:\/\/atest2000.pl\/index.php?rest_route=\/wp\/v2\/pages\/91\/revisions\/558"}],"up":[{"embeddable":true,"href":"http:\/\/atest2000.pl\/index.php?rest_route=\/wp\/v2\/pages\/77"}],"wp:attachment":[{"href":"http:\/\/atest2000.pl\/index.php?rest_route=%2Fwp%2Fv2%2Fmedia&parent=91"}],"curies":[{"name":"wp","href":"https:\/\/api.w.org\/{rel}","templated":true}]}}