{"id":90,"date":"2007-12-12T18:48:45","date_gmt":"2007-12-12T17:48:45","guid":{"rendered":"http:\/\/atest2000.pl\/czlonkowie\/janusz-iwaszek\/"},"modified":"2015-08-05T00:52:15","modified_gmt":"2015-08-04T22:52:15","slug":"janusz-iwaszek","status":"publish","type":"page","link":"http:\/\/atest2000.pl\/?page_id=90","title":{"rendered":"Janusz Iwaszek"},"content":{"rendered":"<h3>Janusz Iwaszek<\/h3>\n<p align=\"justify\"><a href=\"http:\/\/atest2000.pl\/wp-content\/uploads\/2007\/12\/JI-2.jpg\" ><img loading=\"lazy\" class=\"alignleft size-full wp-image-544\" src=\"http:\/\/atest2000.pl\/wp-content\/uploads\/2007\/12\/JI-2.jpg\" alt=\"JI-2\" width=\"200\" height=\"200\" srcset=\"http:\/\/atest2000.pl\/wp-content\/uploads\/2007\/12\/JI-2.jpg 200w, http:\/\/atest2000.pl\/wp-content\/uploads\/2007\/12\/JI-2-150x150.jpg 150w\" sizes=\"(max-width: 200px) 100vw, 200px\" \/><\/a>Jaros\u0142awiak. Fotografi\u0105 interesuje si\u0119 od dawna. Cz\u0142onek Zwi\u0105zku Polskich Fotograf\u00f3w Przyrody Okr\u0119g Roztocza\u0144sko-Podkarpacki.<\/p>\n<p align=\"justify\"><a href=\"http:\/\/www.galeria.iwaszek.pl\" onclick=\"javascript:_gaq.push(['_trackEvent','outbound-article','http:\/\/www.galeria.iwaszek.pl']);\" target=\"_blank\">www.galeria.iwaszek.pl<\/a><\/p>\n<p align=\"justify\">Kontakt: jaiwa@pr.onet.pl<\/p>\n<p align=\"justify\">\n","protected":false},"excerpt":{"rendered":"<p>Janusz Iwaszek Jaros\u0142awiak. Fotografi\u0105 interesuje si\u0119 od dawna. Cz\u0142onek Zwi\u0105zku Polskich Fotograf\u00f3w Przyrody Okr\u0119g Roztocza\u0144sko-Podkarpacki. www.galeria.iwaszek.pl Kontakt: jaiwa@pr.onet.pl<\/p>\n","protected":false},"author":1,"featured_media":0,"parent":77,"menu_order":0,"comment_status":"closed","ping_status":"closed","template":"","meta":[],"_links":{"self":[{"href":"http:\/\/atest2000.pl\/index.php?rest_route=\/wp\/v2\/pages\/90"}],"collection":[{"href":"http:\/\/atest2000.pl\/index.php?rest_route=\/wp\/v2\/pages"}],"about":[{"href":"http:\/\/atest2000.pl\/index.php?rest_route=\/wp\/v2\/types\/page"}],"author":[{"embeddable":true,"href":"http:\/\/atest2000.pl\/index.php?rest_route=\/wp\/v2\/users\/1"}],"replies":[{"embeddable":true,"href":"http:\/\/atest2000.pl\/index.php?rest_route=%2Fwp%2Fv2%2Fcomments&post=90"}],"version-history":[{"count":5,"href":"http:\/\/atest2000.pl\/index.php?rest_route=\/wp\/v2\/pages\/90\/revisions"}],"predecessor-version":[{"id":546,"href":"http:\/\/atest2000.pl\/index.php?rest_route=\/wp\/v2\/pages\/90\/revisions\/546"}],"up":[{"embeddable":true,"href":"http:\/\/atest2000.pl\/index.php?rest_route=\/wp\/v2\/pages\/77"}],"wp:attachment":[{"href":"http:\/\/atest2000.pl\/index.php?rest_route=%2Fwp%2Fv2%2Fmedia&parent=90"}],"curies":[{"name":"wp","href":"https:\/\/api.w.org\/{rel}","templated":true}]}}