{"id":89,"date":"2007-12-12T18:46:24","date_gmt":"2007-12-12T17:46:24","guid":{"rendered":"http:\/\/atest2000.pl\/czlonkowie\/andrzej-gwozdz\/"},"modified":"2016-04-04T23:02:45","modified_gmt":"2016-04-04T21:02:45","slug":"andrzej-gwozdz","status":"publish","type":"page","link":"http:\/\/atest2000.pl\/?page_id=89","title":{"rendered":"Andrzej Gw\u00f3\u017ad\u017a"},"content":{"rendered":"<h3>Andrzej Gw\u00f3\u017ad\u017a<\/h3>\n<p align=\"justify\"><a href=\"http:\/\/atest2000.pl\/wp-content\/uploads\/2007\/12\/AG-2.jpg\" ><img loading=\"lazy\" class=\"alignleft size-full wp-image-528\" src=\"http:\/\/atest2000.pl\/wp-content\/uploads\/2007\/12\/AG-2.jpg\" alt=\"AG-2\" width=\"200\" height=\"200\" srcset=\"http:\/\/atest2000.pl\/wp-content\/uploads\/2007\/12\/AG-2.jpg 200w, http:\/\/atest2000.pl\/wp-content\/uploads\/2007\/12\/AG-2-150x150.jpg 150w\" sizes=\"(max-width: 200px) 100vw, 200px\" \/><\/a> Zaw\u00f3d fizjoterapeuta, fotografia to pasja, wieczne my\u015blenie i samokrytyka, marzenia i odskocznia od codzienno\u015bci, ucieczka i powroty, wzloty i upadki. Fotografia to stan osobowo\u015bci, wn\u0119trza fotografa, obserwacje i realizacje temat\u00f3w w\u0142asnej duszy. Czasami nic nie wychodzi, oczekuje si\u0119 ale potem ponownie si\u0119 wraca z wi\u0119ksz\u0105 si\u0142\u0105 tworzenia.<\/p>\n<p><a href=\"http:\/\/2nail.blogspot.com\/\" onclick=\"javascript:_gaq.push(['_trackEvent','outbound-article','http:\/\/2nail.blogspot.com']);\" target=\"_blank\">www.2nail.blogspot.com<\/a><\/p>\n","protected":false},"excerpt":{"rendered":"<p>Andrzej Gw\u00f3\u017ad\u017a Zaw\u00f3d fizjoterapeuta, fotografia to pasja, wieczne my\u015blenie i samokrytyka, marzenia i odskocznia od codzienno\u015bci, ucieczka i powroty, wzloty i upadki. Fotografia to stan osobowo\u015bci, wn\u0119trza fotografa, obserwacje i realizacje temat\u00f3w w\u0142asnej duszy. Czasami nic nie wychodzi, oczekuje si\u0119 &hellip; <a href=\"http:\/\/atest2000.pl\/?page_id=89\" >Czytaj dalej <span class=\"meta-nav\">&rarr;<\/span><\/a><\/p>\n","protected":false},"author":1,"featured_media":0,"parent":77,"menu_order":0,"comment_status":"closed","ping_status":"closed","template":"","meta":[],"_links":{"self":[{"href":"http:\/\/atest2000.pl\/index.php?rest_route=\/wp\/v2\/pages\/89"}],"collection":[{"href":"http:\/\/atest2000.pl\/index.php?rest_route=\/wp\/v2\/pages"}],"about":[{"href":"http:\/\/atest2000.pl\/index.php?rest_route=\/wp\/v2\/types\/page"}],"author":[{"embeddable":true,"href":"http:\/\/atest2000.pl\/index.php?rest_route=\/wp\/v2\/users\/1"}],"replies":[{"embeddable":true,"href":"http:\/\/atest2000.pl\/index.php?rest_route=%2Fwp%2Fv2%2Fcomments&post=89"}],"version-history":[{"count":6,"href":"http:\/\/atest2000.pl\/index.php?rest_route=\/wp\/v2\/pages\/89\/revisions"}],"predecessor-version":[{"id":645,"href":"http:\/\/atest2000.pl\/index.php?rest_route=\/wp\/v2\/pages\/89\/revisions\/645"}],"up":[{"embeddable":true,"href":"http:\/\/atest2000.pl\/index.php?rest_route=\/wp\/v2\/pages\/77"}],"wp:attachment":[{"href":"http:\/\/atest2000.pl\/index.php?rest_route=%2Fwp%2Fv2%2Fmedia&parent=89"}],"curies":[{"name":"wp","href":"https:\/\/api.w.org\/{rel}","templated":true}]}}