{"id":77,"date":"2007-09-27T14:40:05","date_gmt":"2007-09-27T12:40:05","guid":{"rendered":"http:\/\/atest2000.pl\/czlonkowie\/"},"modified":"2015-08-05T01:02:09","modified_gmt":"2015-08-04T23:02:09","slug":"czlonkowie","status":"publish","type":"page","link":"http:\/\/atest2000.pl\/?page_id=77","title":{"rendered":"Cz\u0142onkowie"},"content":{"rendered":"<h3 align=\"center\">.:: Jaros\u0142awskie Towarzystwo Fotograficzne ATEST 2000 ::.<\/h3>\n<p style=\"text-align: center;\" align=\"justify\">Cz\u0142onkami Jaros\u0142awskie Towarzystwo Fotograficzne ATEST 2000 s\u0105 ludzie, kt\u00f3rych pasj\u0105 jest fotografowanie.<\/p>\n<p align=\"justify\"><a href=\"http:\/\/atest2000.pl\/wp-content\/uploads\/2007\/09\/razem.jpg\" ><img loading=\"lazy\" class=\"aligncenter size-full wp-image-559\" src=\"http:\/\/atest2000.pl\/wp-content\/uploads\/2007\/09\/razem.jpg\" alt=\"razem\" width=\"400\" height=\"267\" srcset=\"http:\/\/atest2000.pl\/wp-content\/uploads\/2007\/09\/razem.jpg 400w, http:\/\/atest2000.pl\/wp-content\/uploads\/2007\/09\/razem-300x200.jpg 300w\" sizes=\"(max-width: 400px) 100vw, 400px\" \/><\/a>Zapraszamy do obejrzenia internetowej galerii prac os\u00f3b nale\u017c\u0105cych do <strong>J<\/strong>aros\u0142awskiego <strong>T<\/strong>owarzystwa <strong>F<\/strong>otograficznego <strong>ATEST\u00a02000<\/strong>. Wystarczy klikna\u0107 na nazwisku autora aby dowiedzie\u0107 si\u0119 o\u00a0jego zainteresowaniach i aktualnych zamierzeniach, obejrze\u0107 ulubione zdj\u0119cia oraz odszuka\u0107 indywidualne kontakty mailowe do poszczeg\u00f3lnych cz\u0142onk\u00f3w JTF.<\/p>\n<p align=\"center\"><strong>Wszystkie zdj\u0119cia chronione s\u0105 prawem autorskim.<br \/>\nKopiowanie, wykorzystywanie i publikowanie<br \/>\nbez zgody autora jest zabronione.<br \/>\n<\/strong><\/p>\n","protected":false},"excerpt":{"rendered":"<p>.:: Jaros\u0142awskie Towarzystwo Fotograficzne ATEST 2000 ::. Cz\u0142onkami Jaros\u0142awskie Towarzystwo Fotograficzne ATEST 2000 s\u0105 ludzie, kt\u00f3rych pasj\u0105 jest fotografowanie. Zapraszamy do obejrzenia internetowej galerii prac os\u00f3b nale\u017c\u0105cych do Jaros\u0142awskiego Towarzystwa Fotograficznego ATEST\u00a02000. Wystarczy klikna\u0107 na nazwisku autora aby dowiedzie\u0107 si\u0119 &hellip; <a href=\"http:\/\/atest2000.pl\/?page_id=77\" >Czytaj dalej <span class=\"meta-nav\">&rarr;<\/span><\/a><\/p>\n","protected":false},"author":1,"featured_media":0,"parent":0,"menu_order":2,"comment_status":"closed","ping_status":"closed","template":"","meta":[],"_links":{"self":[{"href":"http:\/\/atest2000.pl\/index.php?rest_route=\/wp\/v2\/pages\/77"}],"collection":[{"href":"http:\/\/atest2000.pl\/index.php?rest_route=\/wp\/v2\/pages"}],"about":[{"href":"http:\/\/atest2000.pl\/index.php?rest_route=\/wp\/v2\/types\/page"}],"author":[{"embeddable":true,"href":"http:\/\/atest2000.pl\/index.php?rest_route=\/wp\/v2\/users\/1"}],"replies":[{"embeddable":true,"href":"http:\/\/atest2000.pl\/index.php?rest_route=%2Fwp%2Fv2%2Fcomments&post=77"}],"version-history":[{"count":1,"href":"http:\/\/atest2000.pl\/index.php?rest_route=\/wp\/v2\/pages\/77\/revisions"}],"predecessor-version":[{"id":560,"href":"http:\/\/atest2000.pl\/index.php?rest_route=\/wp\/v2\/pages\/77\/revisions\/560"}],"wp:attachment":[{"href":"http:\/\/atest2000.pl\/index.php?rest_route=%2Fwp%2Fv2%2Fmedia&parent=77"}],"curies":[{"name":"wp","href":"https:\/\/api.w.org\/{rel}","templated":true}]}}