{"id":101,"date":"2007-12-12T18:59:41","date_gmt":"2007-12-12T17:59:41","guid":{"rendered":"http:\/\/atest2000.pl\/czlonkowie\/jan-smigielski\/"},"modified":"2015-08-05T00:51:30","modified_gmt":"2015-08-04T22:51:30","slug":"jan-smigielski","status":"publish","type":"page","link":"http:\/\/atest2000.pl\/?page_id=101","title":{"rendered":"Jan \u015amigielski"},"content":{"rendered":"<h3>Jan \u015amigielski<\/h3>\n<p align=\"justify\"><a href=\"http:\/\/atest2000.pl\/wp-content\/uploads\/2007\/12\/J\u015a.jpg\" ><img loading=\"lazy\" class=\"alignleft size-full wp-image-541\" src=\"http:\/\/atest2000.pl\/wp-content\/uploads\/2007\/12\/J\u015a.jpg\" alt=\"J\u015a\" width=\"200\" height=\"200\" srcset=\"http:\/\/atest2000.pl\/wp-content\/uploads\/2007\/12\/J\u015a.jpg 200w, http:\/\/atest2000.pl\/wp-content\/uploads\/2007\/12\/J\u015a-150x150.jpg 150w\" sizes=\"(max-width: 200px) 100vw, 200px\" \/><\/a>Fotograf minera\u0142\u00f3w i makro.<\/p>\n","protected":false},"excerpt":{"rendered":"<p>Jan \u015amigielski Fotograf minera\u0142\u00f3w i makro.<\/p>\n","protected":false},"author":1,"featured_media":0,"parent":77,"menu_order":0,"comment_status":"closed","ping_status":"closed","template":"","meta":[],"_links":{"self":[{"href":"http:\/\/atest2000.pl\/index.php?rest_route=\/wp\/v2\/pages\/101"}],"collection":[{"href":"http:\/\/atest2000.pl\/index.php?rest_route=\/wp\/v2\/pages"}],"about":[{"href":"http:\/\/atest2000.pl\/index.php?rest_route=\/wp\/v2\/types\/page"}],"author":[{"embeddable":true,"href":"http:\/\/atest2000.pl\/index.php?rest_route=\/wp\/v2\/users\/1"}],"replies":[{"embeddable":true,"href":"http:\/\/atest2000.pl\/index.php?rest_route=%2Fwp%2Fv2%2Fcomments&post=101"}],"version-history":[{"count":3,"href":"http:\/\/atest2000.pl\/index.php?rest_route=\/wp\/v2\/pages\/101\/revisions"}],"predecessor-version":[{"id":543,"href":"http:\/\/atest2000.pl\/index.php?rest_route=\/wp\/v2\/pages\/101\/revisions\/543"}],"up":[{"embeddable":true,"href":"http:\/\/atest2000.pl\/index.php?rest_route=\/wp\/v2\/pages\/77"}],"wp:attachment":[{"href":"http:\/\/atest2000.pl\/index.php?rest_route=%2Fwp%2Fv2%2Fmedia&parent=101"}],"curies":[{"name":"wp","href":"https:\/\/api.w.org\/{rel}","templated":true}]}}